{"id":48,"date":"2023-09-22T21:11:23","date_gmt":"2023-09-22T21:11:23","guid":{"rendered":"https:\/\/chenegrocr.com\/?page_id=48"},"modified":"2026-01-09T03:02:28","modified_gmt":"2026-01-09T03:02:28","slug":"acerca-de","status":"publish","type":"page","link":"https:\/\/chenegrocr.com\/?page_id=48","title":{"rendered":"Acerca de"},"content":{"rendered":"\t\t<div data-elementor-type=\"wp-page\" data-elementor-id=\"48\" class=\"elementor elementor-48\">\n\t\t\t\t\t\t\t<div class=\"elementor-element elementor-element-ba9444c e-con-full e-flex e-con e-parent\" data-id=\"ba9444c\" data-element_type=\"container\" data-settings=\"{&quot;content_width&quot;:&quot;full&quot;,&quot;background_background&quot;:&quot;classic&quot;}\" data-core-v316-plus=\"true\">\n\t\t\t\t<div class=\"elementor-element elementor-element-98817a0 elementor--h-position-center elementor--v-position-middle elementor-arrows-position-inside elementor-pagination-position-inside elementor-widget elementor-widget-slides\" data-id=\"98817a0\" data-element_type=\"widget\" data-settings=\"{&quot;navigation&quot;:&quot;both&quot;,&quot;autoplay&quot;:&quot;yes&quot;,&quot;pause_on_hover&quot;:&quot;yes&quot;,&quot;pause_on_interaction&quot;:&quot;yes&quot;,&quot;autoplay_speed&quot;:5000,&quot;infinite&quot;:&quot;yes&quot;,&quot;transition&quot;:&quot;slide&quot;,&quot;transition_speed&quot;:500}\" data-widget_type=\"slides.default\">\n\t\t\t\t<div class=\"elementor-widget-container\">\n\t\t\t<style>\/*! elementor-pro - v3.13.2 - 22-05-2023 *\/\n.elementor-slides .swiper-slide-bg{background-size:cover;background-position:50%;background-repeat:no-repeat;min-width:100%;min-height:100%}.elementor-slides .swiper-slide-inner{background-repeat:no-repeat;background-position:50%;position:absolute;top:0;left:0;bottom:0;right:0;padding:50px;margin:auto}.elementor-slides .swiper-slide-inner,.elementor-slides .swiper-slide-inner:hover{color:#fff;display:flex}.elementor-slides .swiper-slide-inner .elementor-background-overlay{position:absolute;z-index:0;top:0;bottom:0;left:0;right:0}.elementor-slides .swiper-slide-inner .elementor-slide-content{position:relative;z-index:1;width:100%}.elementor-slides .swiper-slide-inner .elementor-slide-heading{font-size:35px;font-weight:700;line-height:1}.elementor-slides .swiper-slide-inner .elementor-slide-description{font-size:17px;line-height:1.4}.elementor-slides .swiper-slide-inner .elementor-slide-description:not(:last-child),.elementor-slides .swiper-slide-inner .elementor-slide-heading:not(:last-child){margin-bottom:30px}.elementor-slides .swiper-slide-inner .elementor-slide-button{border:2px solid #fff;color:#fff;background:transparent;display:inline-block}.elementor-slides .swiper-slide-inner .elementor-slide-button,.elementor-slides .swiper-slide-inner .elementor-slide-button:hover{background:transparent;color:inherit;text-decoration:none}.elementor--v-position-top .swiper-slide-inner{align-items:flex-start}.elementor--v-position-bottom .swiper-slide-inner{align-items:flex-end}.elementor--v-position-middle .swiper-slide-inner{align-items:center}.elementor--h-position-left .swiper-slide-inner{justify-content:flex-start}.elementor--h-position-right .swiper-slide-inner{justify-content:flex-end}.elementor--h-position-center .swiper-slide-inner{justify-content:center}body.rtl .elementor-widget-slides .elementor-swiper-button-next{left:10px;right:auto}body.rtl .elementor-widget-slides .elementor-swiper-button-prev{right:10px;left:auto}.elementor-slides-wrapper div:not(.swiper-slide)>.swiper-slide-inner{display:none}@media (max-width:767px){.elementor-slides .swiper-slide-inner{padding:30px}.elementor-slides .swiper-slide-inner .elementor-slide-heading{font-size:23px;line-height:1;margin-bottom:15px}.elementor-slides .swiper-slide-inner .elementor-slide-description{font-size:13px;line-height:1.4;margin-bottom:15px}}<\/style>\t\t<div class=\"elementor-swiper\">\n\t\t\t<div class=\"elementor-slides-wrapper elementor-main-swiper swiper\" dir=\"ltr\" data-animation=\"fadeInUp\">\n\t\t\t\t<div class=\"swiper-wrapper elementor-slides\">\n\t\t\t\t\t\t\t\t\t\t<div class=\"elementor-repeater-item-a9a66a9 swiper-slide\"><div class=\"swiper-slide-bg\" role=\"img\"><\/div><div class=\"swiper-slide-inner\" ><div class=\"swiper-slide-contents\"><\/div><\/div><\/div><div class=\"elementor-repeater-item-ad08358 swiper-slide\"><div class=\"swiper-slide-bg\" role=\"img\"><\/div><div class=\"swiper-slide-inner\" ><div class=\"swiper-slide-contents\"><\/div><\/div><\/div><div class=\"elementor-repeater-item-c636b2b swiper-slide\"><div class=\"swiper-slide-bg\" role=\"img\"><\/div><div class=\"swiper-slide-inner\" ><div class=\"swiper-slide-contents\"><\/div><\/div><\/div>\t\t\t\t<\/div>\n\t\t\t\t\t\t\t\t\t\t\t\t\t\t\t<div class=\"swiper-pagination\"><\/div>\n\t\t\t\t\t\t\t\t\t\t\t\t\t\t\t\t<div class=\"elementor-swiper-button elementor-swiper-button-prev\" role=\"button\" tabindex=\"0\">\n\t\t\t\t\t\t\t<i aria-hidden=\"true\" class=\"eicon-chevron-left\"><\/i>\t\t\t\t\t\t\t<span class=\"elementor-screen-only\">Previous slide<\/span>\n\t\t\t\t\t\t<\/div>\n\t\t\t\t\t\t<div class=\"elementor-swiper-button elementor-swiper-button-next\" role=\"button\" tabindex=\"0\">\n\t\t\t\t\t\t\t<i aria-hidden=\"true\" class=\"eicon-chevron-right\"><\/i>\t\t\t\t\t\t\t<span class=\"elementor-screen-only\">Next slide<\/span>\n\t\t\t\t\t\t<\/div>\n\t\t\t\t\t\t\t\t\t\t\t\t<\/div>\n\t\t<\/div>\n\t\t\t\t<\/div>\n\t\t\t\t<\/div>\n\t\t\t\t<\/div>\n\t\t<div class=\"elementor-element elementor-element-a89c824 e-flex e-con-boxed e-con e-parent\" data-id=\"a89c824\" data-element_type=\"container\" data-settings=\"{&quot;content_width&quot;:&quot;boxed&quot;}\" data-core-v316-plus=\"true\">\n\t\t\t\t\t<div class=\"e-con-inner\">\n\t\t<div class=\"elementor-element elementor-element-18d2af4 e-con-full e-flex e-con e-child\" data-id=\"18d2af4\" data-element_type=\"container\" data-settings=\"{&quot;content_width&quot;:&quot;full&quot;}\" data-aos=\"fade-right\" data-aos-offset=\"300\" data-aos-easing=\"ease-in-sine\">\n\t\t\t\t<div class=\"elementor-element elementor-element-5183e5c elementor-widget elementor-widget-heading\" data-id=\"5183e5c\" data-element_type=\"widget\" data-widget_type=\"heading.default\">\n\t\t\t\t<div class=\"elementor-widget-container\">\n\t\t\t<style>\/*! elementor - v3.16.0 - 20-09-2023 *\/\n.elementor-heading-title{padding:0;margin:0;line-height:1}.elementor-widget-heading .elementor-heading-title[class*=elementor-size-]>a{color:inherit;font-size:inherit;line-height:inherit}.elementor-widget-heading .elementor-heading-title.elementor-size-small{font-size:15px}.elementor-widget-heading .elementor-heading-title.elementor-size-medium{font-size:19px}.elementor-widget-heading .elementor-heading-title.elementor-size-large{font-size:29px}.elementor-widget-heading .elementor-heading-title.elementor-size-xl{font-size:39px}.elementor-widget-heading .elementor-heading-title.elementor-size-xxl{font-size:59px}<\/style><h2 class=\"elementor-heading-title elementor-size-default\">Nuestra Historia<\/h2>\t\t<\/div>\n\t\t\t\t<\/div>\n\t\t\t\t<div class=\"elementor-element elementor-element-01ff569 elementor-widget elementor-widget-text-editor\" data-id=\"01ff569\" data-element_type=\"widget\" data-widget_type=\"text-editor.default\">\n\t\t\t\t<div class=\"elementor-widget-container\">\n\t\t\t<style>\/*! elementor - v3.16.0 - 20-09-2023 *\/\n.elementor-widget-text-editor.elementor-drop-cap-view-stacked .elementor-drop-cap{background-color:#69727d;color:#fff}.elementor-widget-text-editor.elementor-drop-cap-view-framed .elementor-drop-cap{color:#69727d;border:3px solid;background-color:transparent}.elementor-widget-text-editor:not(.elementor-drop-cap-view-default) .elementor-drop-cap{margin-top:8px}.elementor-widget-text-editor:not(.elementor-drop-cap-view-default) .elementor-drop-cap-letter{width:1em;height:1em}.elementor-widget-text-editor .elementor-drop-cap{float:left;text-align:center;line-height:1;font-size:50px}.elementor-widget-text-editor .elementor-drop-cap-letter{display:inline-block}<\/style>\t\t\t\t<p>Mi nombre es German Agust\u00edn G\u00f3mez, me dicen Che o Negro, soy Argentino y Panadero de profesi\u00f3n, iniciando en el oficio cuando ten\u00eda cerca de mis 14 a\u00f1os.<\/p><p>El 22 de diciembre 2012 nos casamos con Rebeca Ram\u00edrez, costarricense, Administradora y emprendimos un viaje lleno de sue\u00f1os.<\/p><p>Habiendo tenido una experiencia de Panader\u00eda propia en Argentina y dada la necesidad de trabajo, con una familia que sacar adelante decidimos salir a vender empanadas casa por casa.<\/p><p>En 2015 Rebeca renuncia a su trabajo de m\u00e1s de 15 a\u00f1os para cuidar a nuestros 2 hijos que llegaron m\u00e1s pronto de lo imaginado, como una gran bendici\u00f3n!<\/p><p>Y juntos empezamos a dar forma a Che Negro Reposter\u00eda Argentina y m\u00e1s! creamos una p\u00e1gina en Facebook y mostramos nuestros productos Argentinos muy a gusto del cliente, con ese sabor que encontrar\u00edamos al caminar por Virasoro, mi bello pueblo all\u00e1 por Corrientes.<\/p>\t\t\t\t\t\t<\/div>\n\t\t\t\t<\/div>\n\t\t\t\t<\/div>\n\t\t<div class=\"elementor-element elementor-element-33af42c e-con-full e-flex e-con e-child\" data-id=\"33af42c\" data-element_type=\"container\" data-settings=\"{&quot;content_width&quot;:&quot;full&quot;}\" data-aos=\"fade-left\" data-aos-offset=\"300\" data-aos-easing=\"ease-in-sine\">\n\t\t\t\t<div class=\"elementor-element elementor-element-635e98a elementor-widget elementor-widget-image\" data-id=\"635e98a\" data-element_type=\"widget\" data-widget_type=\"image.default\">\n\t\t\t\t<div class=\"elementor-widget-container\">\n\t\t\t<style>\/*! elementor - v3.16.0 - 20-09-2023 *\/\n.elementor-widget-image{text-align:center}.elementor-widget-image a{display:inline-block}.elementor-widget-image a img[src$=\".svg\"]{width:48px}.elementor-widget-image img{vertical-align:middle;display:inline-block}<\/style>\t\t\t\t\t\t\t\t\t\t\t\t<img loading=\"lazy\" decoding=\"async\" width=\"800\" height=\"600\" src=\"https:\/\/chenegrocr.com\/wp-content\/uploads\/2023\/09\/WhatsApp-Image-2023-09-21-at-8.40.09-PM-1-1024x768.jpeg\" class=\"attachment-large size-large wp-image-245\" alt=\"\" srcset=\"https:\/\/chenegrocr.com\/wp-content\/uploads\/2023\/09\/WhatsApp-Image-2023-09-21-at-8.40.09-PM-1-1024x768.jpeg 1024w, https:\/\/chenegrocr.com\/wp-content\/uploads\/2023\/09\/WhatsApp-Image-2023-09-21-at-8.40.09-PM-1-300x225.jpeg 300w, https:\/\/chenegrocr.com\/wp-content\/uploads\/2023\/09\/WhatsApp-Image-2023-09-21-at-8.40.09-PM-1-768x576.jpeg 768w, https:\/\/chenegrocr.com\/wp-content\/uploads\/2023\/09\/WhatsApp-Image-2023-09-21-at-8.40.09-PM-1-1536x1153.jpeg 1536w, https:\/\/chenegrocr.com\/wp-content\/uploads\/2023\/09\/WhatsApp-Image-2023-09-21-at-8.40.09-PM-1.jpeg 1599w\" sizes=\"auto, (max-width: 800px) 100vw, 800px\" \/>\t\t\t\t\t\t\t\t\t\t\t\t\t\t\t<\/div>\n\t\t\t\t<\/div>\n\t\t\t\t<\/div>\n\t\t\t\t\t<\/div>\n\t\t\t\t<\/div>\n\t\t<div class=\"elementor-element elementor-element-567e39a e-flex e-con-boxed e-con e-parent\" data-id=\"567e39a\" data-element_type=\"container\" data-settings=\"{&quot;content_width&quot;:&quot;boxed&quot;}\" data-core-v316-plus=\"true\">\n\t\t\t\t\t<div class=\"e-con-inner\">\n\t\t<div class=\"elementor-element elementor-element-508910f e-con-full e-flex e-con e-child\" data-id=\"508910f\" data-element_type=\"container\" data-settings=\"{&quot;content_width&quot;:&quot;full&quot;}\" data-aos=\"fade-right\" data-aos-offset=\"300\" data-aos-easing=\"ease-in-sine\">\n\t\t\t\t<div class=\"elementor-element elementor-element-cc34c9e elementor-widget__width-initial elementor-invisible elementor-widget elementor-widget-image\" data-id=\"cc34c9e\" data-element_type=\"widget\" data-settings=\"{&quot;_animation&quot;:&quot;fadeInLeft&quot;}\" data-widget_type=\"image.default\">\n\t\t\t\t<div class=\"elementor-widget-container\">\n\t\t\t\t\t\t\t\t\t\t\t\t<figure class=\"wp-caption\">\n\t\t\t\t\t\t\t\t\t\t<img loading=\"lazy\" decoding=\"async\" width=\"768\" height=\"1024\" src=\"https:\/\/chenegrocr.com\/wp-content\/uploads\/2026\/01\/WhatsApp-Image-2026-01-08-at-08.13.43-768x1024.jpeg\" class=\"attachment-medium_large size-medium_large wp-image-437\" alt=\"\" srcset=\"https:\/\/chenegrocr.com\/wp-content\/uploads\/2026\/01\/WhatsApp-Image-2026-01-08-at-08.13.43-768x1024.jpeg 768w, https:\/\/chenegrocr.com\/wp-content\/uploads\/2026\/01\/WhatsApp-Image-2026-01-08-at-08.13.43-225x300.jpeg 225w, https:\/\/chenegrocr.com\/wp-content\/uploads\/2026\/01\/WhatsApp-Image-2026-01-08-at-08.13.43-1152x1536.jpeg 1152w, https:\/\/chenegrocr.com\/wp-content\/uploads\/2026\/01\/WhatsApp-Image-2026-01-08-at-08.13.43.jpeg 1200w\" sizes=\"auto, (max-width: 768px) 100vw, 768px\" \/>\t\t\t\t\t\t\t\t\t\t\t<figcaption class=\"widget-image-caption wp-caption-text\">Nuestro local en Plaza Ananda, Tres Rios, La Union, Cartago<\/figcaption>\n\t\t\t\t\t\t\t\t\t\t<\/figure>\n\t\t\t\t\t\t\t\t\t<\/div>\n\t\t\t\t<\/div>\n\t\t\t\t<\/div>\n\t\t\t\t<div class=\"elementor-element elementor-element-372beb2 elementor-widget__width-initial elementor-widget elementor-widget-text-editor\" data-id=\"372beb2\" data-element_type=\"widget\" data-widget_type=\"text-editor.default\">\n\t\t\t\t<div class=\"elementor-widget-container\">\n\t\t\t\t\t\t\t<p>Nuestros primeros productos fueron las empanadas y tapas de empanadas y de tarta, luego despu\u00e9s de mucha prueba y error dimos con el punto para las medialunas y facturas, ahora tenemos m\u00e1s de 15 productos Argentinos a la venta en nuestra Panader\u00eda ubicada en Concepci\u00f3n de Tres R\u00edos, 600 este de la Iglesia Cat\u00f3lica, Centro Comercial P\u00e1jaro Azul, con n\u00famero de tel\u00e9fono 7287-4309.<\/p><p>Y que distribuimos en diferentes cafeter\u00edas y restaurantes en todo Costa Rica y a m\u00e1s de 500 clientes particulares en su mayor\u00eda Argentinos.<\/p><p>Iniciamos en Octubre 2016 con lo m\u00ednimo en maquinaria y clientes, poco a poco hemos ido creciendo y nuestro producto se ha ganado un lugar en el mercado costarricense, siendo aliados para muchos emprendedores que usan nuestros productos.<\/p><p>La pandemia fue el \u201cempujon\u201d que necesitabamos para salir de casa y es que fue nuestra mejor epoca, nunca tuvimos tantos pedidos a domicilio y nos animamos a alquilar un local en 2021, en medio de la incertidumbre apostamos a ganar, con la confianza en Dios que es quien siempre ha estado a nuestro lado.<\/p><p>Ahora nuestros clientes del este tienen una nueva opcion cerca de Tres Rios centro, Che Negro Gourmet Panader\u00eda y Reposteria Argentina<span style=\"font-size: 1rem;\">, en Plaza Ananda, a la entrada del Residencial Vistas de la Hacienda, carretera a Concepcion. Seguimos creciendo y ofreciendoles lo mejor.<\/span><\/p>\t\t\t\t\t\t<\/div>\n\t\t\t\t<\/div>\n\t\t\t\t<div class=\"elementor-element elementor-element-80c587f elementor-widget__width-initial elementor-invisible elementor-widget elementor-widget-image\" data-id=\"80c587f\" data-element_type=\"widget\" data-settings=\"{&quot;_animation&quot;:&quot;fadeInRight&quot;}\" data-widget_type=\"image.default\">\n\t\t\t\t<div class=\"elementor-widget-container\">\n\t\t\t\t\t\t\t\t\t\t\t\t<figure class=\"wp-caption\">\n\t\t\t\t\t\t\t\t\t\t<img loading=\"lazy\" decoding=\"async\" width=\"768\" height=\"1024\" src=\"https:\/\/chenegrocr.com\/wp-content\/uploads\/2026\/01\/WhatsApp-Image-2026-01-08-at-08.15.09-768x1024.jpeg\" class=\"attachment-medium_large size-medium_large wp-image-438\" alt=\"\" srcset=\"https:\/\/chenegrocr.com\/wp-content\/uploads\/2026\/01\/WhatsApp-Image-2026-01-08-at-08.15.09-768x1024.jpeg 768w, https:\/\/chenegrocr.com\/wp-content\/uploads\/2026\/01\/WhatsApp-Image-2026-01-08-at-08.15.09-225x300.jpeg 225w, https:\/\/chenegrocr.com\/wp-content\/uploads\/2026\/01\/WhatsApp-Image-2026-01-08-at-08.15.09-1152x1536.jpeg 1152w, https:\/\/chenegrocr.com\/wp-content\/uploads\/2026\/01\/WhatsApp-Image-2026-01-08-at-08.15.09.jpeg 1200w\" sizes=\"auto, (max-width: 768px) 100vw, 768px\" \/>\t\t\t\t\t\t\t\t\t\t\t<figcaption class=\"widget-image-caption wp-caption-text\">Plaza Ananda, a la entrada de Residencial Vistas de la Hacienda, Tres R\u00edos.<\/figcaption>\n\t\t\t\t\t\t\t\t\t\t<\/figure>\n\t\t\t\t\t\t\t\t\t<\/div>\n\t\t\t\t<\/div>\n\t\t\t\t\t<\/div>\n\t\t\t\t<\/div>\n\t\t<div class=\"elementor-element elementor-element-dcc9b7d e-flex e-con-boxed e-con e-parent\" data-id=\"dcc9b7d\" data-element_type=\"container\" data-settings=\"{&quot;content_width&quot;:&quot;boxed&quot;}\" data-core-v316-plus=\"true\">\n\t\t\t\t\t<div class=\"e-con-inner\">\n\t\t\t\t\t<\/div>\n\t\t\t\t<\/div>\n\t\t\t\t\t\t\t<\/div>\n\t\t","protected":false},"excerpt":{"rendered":"<p>Previous slide Next slide Nuestra Historia Mi nombre es German Agust\u00edn G\u00f3mez, me dicen Che o Negro, soy Argentino y Panadero de profesi\u00f3n, iniciando en el oficio cuando ten\u00eda cerca de mis 14 a\u00f1os. El 22 de diciembre 2012 nos casamos con Rebeca Ram\u00edrez, costarricense, Administradora y emprendimos un viaje lleno de sue\u00f1os. Habiendo tenido [&hellip;]<\/p>\n","protected":false},"author":2,"featured_media":0,"parent":0,"menu_order":0,"comment_status":"closed","ping_status":"closed","template":"","meta":{"footnotes":""},"class_list":["post-48","page","type-page","status-publish","hentry"],"aioseo_notices":[],"_links":{"self":[{"href":"https:\/\/chenegrocr.com\/index.php?rest_route=\/wp\/v2\/pages\/48","targetHints":{"allow":["GET"]}}],"collection":[{"href":"https:\/\/chenegrocr.com\/index.php?rest_route=\/wp\/v2\/pages"}],"about":[{"href":"https:\/\/chenegrocr.com\/index.php?rest_route=\/wp\/v2\/types\/page"}],"author":[{"embeddable":true,"href":"https:\/\/chenegrocr.com\/index.php?rest_route=\/wp\/v2\/users\/2"}],"replies":[{"embeddable":true,"href":"https:\/\/chenegrocr.com\/index.php?rest_route=%2Fwp%2Fv2%2Fcomments&post=48"}],"version-history":[{"count":58,"href":"https:\/\/chenegrocr.com\/index.php?rest_route=\/wp\/v2\/pages\/48\/revisions"}],"predecessor-version":[{"id":471,"href":"https:\/\/chenegrocr.com\/index.php?rest_route=\/wp\/v2\/pages\/48\/revisions\/471"}],"wp:attachment":[{"href":"https:\/\/chenegrocr.com\/index.php?rest_route=%2Fwp%2Fv2%2Fmedia&parent=48"}],"curies":[{"name":"wp","href":"https:\/\/api.w.org\/{rel}","templated":true}]}}